{"id":569,"date":"2020-05-28T00:31:44","date_gmt":"2020-05-27T22:31:44","guid":{"rendered":"https:\/\/antoniorestaurante.com\/menu\/"},"modified":"2025-05-06T21:27:29","modified_gmt":"2025-05-06T19:27:29","slug":"menu","status":"publish","type":"page","link":"https:\/\/antoniorestaurante.com\/fr\/menu\/","title":{"rendered":"Menu"},"content":{"rendered":"<p>[et_pb_section fb_built=\u00a0\u00bb1&Prime; _builder_version=\u00a0\u00bb4.16&Prime; background_enable_image=\u00a0\u00bboff\u00a0\u00bb global_colors_info=\u00a0\u00bb{}\u00a0\u00bb][et_pb_row column_structure=\u00a0\u00bb1_2,1_2&Prime; make_equal=\u00a0\u00bbon\u00a0\u00bb _builder_version=\u00a0\u00bb4.16&Prime; width=\u00a0\u00bb95%\u00a0\u00bb global_colors_info=\u00a0\u00bb{}\u00a0\u00bb][et_pb_column type=\u00a0\u00bb1_2&Prime; _builder_version=\u00a0\u00bb4.16&Prime; global_colors_info=\u00a0\u00bb{}\u00a0\u00bb][et_pb_text _builder_version=\u00a0\u00bb4.16&Prime; header_2_font=\u00a0\u00bb|700|||||||\u00a0\u00bb background_color=\u00a0\u00bbrgba(255,255,255,0.76)\u00a0\u00bb custom_padding=\u00a0\u00bb15px||10px||false|false\u00a0\u00bb border_radii=\u00a0\u00bbon|5px|5px|5px|5px\u00a0\u00bb border_width_bottom=\u00a0\u00bb2px\u00a0\u00bb border_color_bottom=\u00a0\u00bb#000000&Prime; global_colors_info=\u00a0\u00bb{}\u00a0\u00bb]<\/p>\n<h2 style=\"text-align: center;\">SOUPES<\/h2>\n<p>[\/et_pb_text][et_pb_code _builder_version=\u00a0\u00bb4.20.0&Prime; background_color=\u00a0\u00bbrgba(255,255,255,0.75)\u00a0\u00bb custom_padding=\u00a0\u00bb||||true|true\u00a0\u00bb custom_css_main_element=\u00a0\u00bbmargin:auto;\u00a0\u00bb border_radii=\u00a0\u00bbon|5px|5px|5px|5px\u00a0\u00bb global_colors_info=\u00a0\u00bb{}\u00a0\u00bb]<\/p>\n<ul class=leaders><!-- [et_pb_line_break_holder] --><\/p>\n<li><span>Soupe aux fruits de mer<\/span><!-- [et_pb_line_break_holder] --> <span>9,50\u20ac<\/span><!-- [et_pb_line_break_holder] -->\n<li><span>Soupe \u00e0 la tomate<\/span><!-- [et_pb_line_break_holder] --> <span>7,20\u20ac<\/span><!-- [et_pb_line_break_holder] -->\n<li><span>Soupe \u00e0 l&rsquo;oignon<\/span><!-- [et_pb_line_break_holder] --> <span>9,00\u20ac<\/span><!-- [et_pb_line_break_holder] -->\n<li><span>Gazpacho andalou<\/span><!-- [et_pb_line_break_holder] --> <span>7,50\u20ac<\/span><!-- [et_pb_line_break_holder] -->\n<li><span>Riz \u00ab\u00a0caldoso\u00a0\u00bb \u00e0 l&rsquo;homard (min. 2 pers.)<\/span><!-- [et_pb_line_break_holder] --> <span>22,00\u20ac p.p.<\/span><!-- [et_pb_line_break_holder] -->\n<li><span>Paella vari\u00e8e (min. 2 pers.)<\/span><!-- [et_pb_line_break_holder] --> <span>16,50\u20ac p.p.<\/span><!-- [et_pb_line_break_holder] -->\n<li><span>Paella aux fruits de mer (min. 2 pers.)<\/span><!-- [et_pb_line_break_holder] --> <span>18,50\u20ac p.p.<\/span><!-- [et_pb_line_break_holder] -->\n<li><span>Paella aux l\u00e9gumes (min. 2 pers.)<\/span><!-- [et_pb_line_break_holder] --><span>17,00\u20ac p.p.<\/span> <\/ul>\n<p>[\/et_pb_code][et_pb_text _builder_version=\u00a0\u00bb4.16&Prime; header_2_font=\u00a0\u00bb|700|||||||\u00a0\u00bb background_color=\u00a0\u00bbrgba(255,255,255,0.76)\u00a0\u00bb custom_padding=\u00a0\u00bb15px||10px||false|false\u00a0\u00bb border_radii=\u00a0\u00bbon|5px|5px|5px|5px\u00a0\u00bb border_width_bottom=\u00a0\u00bb2px\u00a0\u00bb border_color_bottom=\u00a0\u00bb#000000&Prime; global_colors_info=\u00a0\u00bb{}\u00a0\u00bb]<\/p>\n<h2 style=\"text-align: center;\">HORS D\u2019OEUVRES<\/h2>\n<p>[\/et_pb_text][et_pb_code _builder_version=\u00a0\u00bb4.20.0&Prime; background_color=\u00a0\u00bbrgba(255,255,255,0.75)\u00a0\u00bb custom_padding=\u00a0\u00bb||||true|true\u00a0\u00bb custom_css_main_element=\u00a0\u00bbmargin:auto;\u00a0\u00bb border_radii=\u00a0\u00bbon|5px|5px|5px|5px\u00a0\u00bb global_colors_info=\u00a0\u00bb{}\u00a0\u00bb]<\/p>\n<ul class=leaders><!-- [et_pb_line_break_holder] --><\/p>\n<li><span>Salade Caprese (tomate, mozarrela, basilic)<\/span><!-- [et_pb_line_break_holder] --> <span>12,00\u20ac<\/span><!-- [et_pb_line_break_holder] -->\n<li><span>Salade Antonio (avec jambon et fromage)<\/span><!-- [et_pb_line_break_holder] --> <span>12,00\u20ac<\/span><!-- [et_pb_line_break_holder] -->\n<li><span>Salade vari\u00e9e<\/span><!-- [et_pb_line_break_holder] --> <span>8,50\u20ac<\/span><!-- [et_pb_line_break_holder] -->\n<li><span>Salade extra (avec thon et asperges)<\/span><!-- [et_pb_line_break_holder] --> <span>12,00\u20ac<\/span> <!-- [et_pb_line_break_holder] -->\n<li><span>Salade special (avec avocat et crevettes)<\/span><!-- [et_pb_line_break_holder] --> <span>14,50\u20ac<\/span><!-- [et_pb_line_break_holder] -->\n<li><span>Tomate aux anchois<\/span><!-- [et_pb_line_break_holder] --> <span>14,50\u20ac<\/span><!-- [et_pb_line_break_holder] -->\n<li><span>Pat\u00e9<\/span><!-- [et_pb_line_break_holder] --> <span>9,90\u20ac<\/span><!-- [et_pb_line_break_holder] -->\n<li><span>Anchois frais au vinaigre<\/span><!-- [et_pb_line_break_holder] --> <span>14,50\u20ac<\/span><!-- [et_pb_line_break_holder] -->\n<li><span>Poulpe \u00ab\u00a0\u00e0 la gallega\u00a0\u00bb<\/span><!-- [et_pb_line_break_holder] --> <span>18,00\u20ac<\/span><!-- [et_pb_line_break_holder] -->\n<li><span>Crevettes au \u00ab\u00a0pil-pil\u00a0\u00bb<\/span><!-- [et_pb_line_break_holder] --> <span>14,20\u20ac<\/span><!-- [et_pb_line_break_holder] -->\n<li><span>Camembert frit<\/span><!-- [et_pb_line_break_holder] --> <span>11,00\u20ac<\/span><!-- [et_pb_line_break_holder] -->\n<li><span>Asperges deux sauces<\/span><!-- [et_pb_line_break_holder] --> <span>10,50\u20ac<\/span><!-- [et_pb_line_break_holder] -->\n<li><span>Salade de poivrons<\/span><!-- [et_pb_line_break_holder] --> <span>9,50\u20ac<\/span><!-- [et_pb_line_break_holder] -->\n<li><span>Auvergines frites avec du miel<\/span><!-- [et_pb_line_break_holder] --> <span>9,50\u20ac<\/span><!-- [et_pb_line_break_holder] -->\n<li><span>Saumon marin\u00e9<\/span><!-- [et_pb_line_break_holder] --> <span>15,00\u20ac<\/span>\n<li><!-- [et_pb_line_break_holder] --><span>Moules \u00e0 la vapeur<\/span><!-- [et_pb_line_break_holder] --><span>14,50\u20ac<\/span> <!-- [et_pb_line_break_holder] -->\n<li><span>Cocktail de crevettes<\/span><!-- [et_pb_line_break_holder] --> <span>13,50\u20ac<\/span><!-- [et_pb_line_break_holder] -->\n<li><span>Avocats avec crevettes<\/span><!-- [et_pb_line_break_holder] --> <span>14,50\u20ac<\/span><!-- [et_pb_line_break_holder] -->\n<li><span>Melon avec jambon cru<\/span><!-- [et_pb_line_break_holder] --> <span>11,90\u20ac<\/span><!-- [et_pb_line_break_holder] -->\n<li><span>Jambon serrano<\/span><!-- [et_pb_line_break_holder] --> <span>19,00\u20ac<\/span><!-- [et_pb_line_break_holder] -->\n<li><span>Fromage manchego<\/span><!-- [et_pb_line_break_holder] --> <span>10,50\u20ac<\/span><!-- [et_pb_line_break_holder] -->\n<li><span>Croquettes<\/span><!-- [et_pb_line_break_holder] --><span>14,90\u20ac<\/span><!-- [et_pb_line_break_holder] --><\/ul>\n<p>[\/et_pb_code][et_pb_text _builder_version=\u00a0\u00bb4.16&Prime; header_2_font=\u00a0\u00bb|700|||||||\u00a0\u00bb background_color=\u00a0\u00bbrgba(255,255,255,0.76)\u00a0\u00bb custom_padding=\u00a0\u00bb15px||10px||false|false\u00a0\u00bb border_radii=\u00a0\u00bbon|5px|5px|5px|5px\u00a0\u00bb border_width_bottom=\u00a0\u00bb2px\u00a0\u00bb border_color_bottom=\u00a0\u00bb#000000&Prime; global_colors_info=\u00a0\u00bb{}\u00a0\u00bb]<\/p>\n<h2 style=\"text-align: center;\">P\u00c2TES, OEUFS ET OMELETTES<\/h2>\n<p>[\/et_pb_text][et_pb_code _builder_version=\u00a0\u00bb4.20.0&Prime; background_color=\u00a0\u00bbrgba(255,255,255,0.75)\u00a0\u00bb custom_padding=\u00a0\u00bb||||true|true\u00a0\u00bb custom_css_main_element=\u00a0\u00bbmargin:auto;\u00a0\u00bb border_radii=\u00a0\u00bbon|5px|5px|5px|5px\u00a0\u00bb global_colors_info=\u00a0\u00bb{}\u00a0\u00bb]<\/p>\n<ul class=leaders><!-- [et_pb_line_break_holder] --><\/p>\n<li><span>Spagheti \u00e0 la bolognes<\/span><!-- [et_pb_line_break_holder] --> <span>10,50\u20ac<\/span><!-- [et_pb_line_break_holder] -->\n<li><span>Spagheti \u00e0 la carbonara<\/span><!-- [et_pb_line_break_holder] --> <span>10,50\u20ac<\/span><!-- [et_pb_line_break_holder] -->\n<li><span>Omelette espagnole<\/span><!-- [et_pb_line_break_holder] --> <span>9,90\u20ac<\/span><!-- [et_pb_line_break_holder] -->\n<li><span>Omelette avec crevettes<\/span><!-- [et_pb_line_break_holder] --> <span>11,50\u20ac<\/span><!-- [et_pb_line_break_holder] -->\n<li><span>Omelette avec jambon<\/span><!-- [et_pb_line_break_holder] --> <span>8,80\u20ac<\/span><!-- [et_pb_line_break_holder] -->\n<li><span>Omelette nature<\/span><!-- [et_pb_line_break_holder] --> <span>7,50\u20ac<\/span><!-- [et_pb_line_break_holder] -->\n<li><span>Omelette avec fromage<\/span><!-- [et_pb_line_break_holder] --> <span>8,80\u20ac<\/span><!-- [et_pb_line_break_holder] -->\n<li><span>Oeufs au plat avec frites<\/span><!-- [et_pb_line_break_holder] --> <span>12,00\u20ac<\/span><!-- [et_pb_line_break_holder] -->\n<li><span>Oeufs au plat, frites et jambon cru<\/span><!-- [et_pb_line_break_holder] --> <span>15,00\u20ac<\/span><!-- [et_pb_line_break_holder] -->\n<li><span>Portion de frites<\/span><!-- [et_pb_line_break_holder] --> <span>5,20\u20ac<\/span><!-- [et_pb_line_break_holder] -->\n<li><span>Pain et le beurre<\/span><!-- [et_pb_line_break_holder] --> <span>1,50\u20ac<\/span><!-- [et_pb_line_break_holder] --><\/ul>\n<p>[\/et_pb_code][\/et_pb_column][et_pb_column type=\u00a0\u00bb1_2&Prime; _builder_version=\u00a0\u00bb4.16&Prime; custom_css_main_element=\u00a0\u00bbmargin:auto;\u00a0\u00bb global_colors_info=\u00a0\u00bb{}\u00a0\u00bb][et_pb_text _builder_version=\u00a0\u00bb4.16&Prime; header_2_font=\u00a0\u00bb|700|||||||\u00a0\u00bb background_color=\u00a0\u00bbrgba(255,255,255,0.76)\u00a0\u00bb custom_padding=\u00a0\u00bb15px||10px||false|false\u00a0\u00bb border_radii=\u00a0\u00bbon|5px|5px|5px|5px\u00a0\u00bb border_width_bottom=\u00a0\u00bb2px\u00a0\u00bb border_color_bottom=\u00a0\u00bb#000000&Prime; global_colors_info=\u00a0\u00bb{}\u00a0\u00bb]<\/p>\n<h2 style=\"text-align: center;\">POISSONS ET FRUITS DE MER<\/h2>\n<p>[\/et_pb_text][et_pb_code _builder_version=\u00a0\u00bb4.20.0&Prime; background_color=\u00a0\u00bbrgba(255,255,255,0.75)\u00a0\u00bb custom_padding=\u00a0\u00bb||||true|true\u00a0\u00bb custom_css_main_element=\u00a0\u00bbmargin:auto;\u00a0\u00bb border_radii=\u00a0\u00bbon|5px|5px|5px|5px\u00a0\u00bb global_colors_info=\u00a0\u00bb{}\u00a0\u00bb]<\/p>\n<ul class=leaders><!-- [et_pb_line_break_holder] --><\/p>\n<li><span>Saumon grill\u00e9<\/span><!-- [et_pb_line_break_holder] --> <span>21,00\u20ac<\/span><!-- [et_pb_line_break_holder] -->\n<li><span>Sole grill\u00e9<\/span><!-- [et_pb_line_break_holder] --> <span>23,00\u20ac<\/span><!-- [et_pb_line_break_holder] -->\n<li><span>Sole \u00e0 la meuni\u00e8re<\/span><!-- [et_pb_line_break_holder] --> <span>24,00\u20ac<\/span><!-- [et_pb_line_break_holder] -->\n<li><span>Sole \u00e0 la cr\u00e8me<\/span><!-- [et_pb_line_break_holder] --> <span>26,00\u20ac<\/span><!-- [et_pb_line_break_holder] -->\n<li><span>Espadon grill\u00e9<\/span><!-- [et_pb_line_break_holder] --> <span>20,00\u20ac<\/span><!-- [et_pb_line_break_holder] -->\n<li><span>B\u00e9b\u00e9 poulpe grill\u00e9 ou frit<\/span><!-- [et_pb_line_break_holder] --> <span>19,50\u20ac<\/span><!-- [et_pb_line_break_holder] -->\n<li><span>Rosada frit<\/span><!-- [et_pb_line_break_holder] --> <span>18,80\u20ac<\/span><!-- [et_pb_line_break_holder] -->\n<li><span>Rosada grill\u00e9<\/span><!-- [et_pb_line_break_holder] --> <span>18,80\u20ac<\/span><!-- [et_pb_line_break_holder] -->\n<li><span>Rosada \u00e0 la marini\u00e8re<\/span><!-- [et_pb_line_break_holder] --> <span>21,20\u20ac<\/span><!-- [et_pb_line_break_holder] -->\n<li><span>Anchois frits \u00ab\u00a0al lim\u00f3n\u00a0\u00bb<\/span><!-- [et_pb_line_break_holder] --> <span>14,90\u20ac<\/span><!-- [et_pb_line_break_holder] -->\n<li><span>Anchois frits<\/span><!-- [et_pb_line_break_holder] --> <span>13,90\u20ac<\/span><!-- [et_pb_line_break_holder] -->\n<li><span>Calamars frits nationaux<\/span><!-- [et_pb_line_break_holder] --> <span>16,00\u20ac<\/span><!-- [et_pb_line_break_holder] -->\n<li><span>Cabillaud frit<\/span><!-- [et_pb_line_break_holder] --> <span>18,80\u20ac<\/span><!-- [et_pb_line_break_holder] -->\n<li><span>Cabillaud grill\u00e9 avec ail<\/span><!-- [et_pb_line_break_holder] --> <span>20,50\u20ac<\/span><!-- [et_pb_line_break_holder] -->\n<li><span>Friture de poissons<\/span><!-- [et_pb_line_break_holder] --> <span>22,00\u20ac<\/span><!-- [et_pb_line_break_holder] -->\n<li><span>Calamar grill\u00e9<\/span><!-- [et_pb_line_break_holder] --> <span>25,00\u20ac<\/span><!-- [et_pb_line_break_holder] -->\n<li><span>Daurade grill\u00e9<\/span><!-- [et_pb_line_break_holder] --> <span>23,50\u20ac<\/span><!-- [et_pb_line_break_holder] -->\n<li><span>Bar grill\u00e9<\/span><!-- [et_pb_line_break_holder] --> <span>23,50\u20ac<\/span><!-- [et_pb_line_break_holder] -->\n<li><span>Sardines<\/span><!-- [et_pb_line_break_holder] --> <span>9,90\u20ac<\/span><!-- [et_pb_line_break_holder] -->\n<li><span>Moules \u00e0 la marini\u00e8re (avec tomate)<\/span><!-- [et_pb_line_break_holder] --> <span>15,50\u20ac<\/span><!-- [et_pb_line_break_holder] -->\n<li><span>Crevettes grill\u00e9es<\/span><!-- [et_pb_line_break_holder] --> <span>21,00\u20ac<\/span><!-- [et_pb_line_break_holder] -->\n<li><span>Clovisses saut\u00e9es<\/span><!-- [et_pb_line_break_holder] --> <span>14,50\u20ac<\/span><!-- [et_pb_line_break_holder] -->\n<li><span>Turbot<\/span><!-- [et_pb_line_break_holder] --> <span>25,00\u20ac<\/span><!-- [et_pb_line_break_holder] -->\n<li><span>Turbot chef style<\/span><!-- [et_pb_line_break_holder] --> <span>27,00\u20ac<\/span><!-- [et_pb_line_break_holder] --><\/ul>\n<p>[\/et_pb_code][et_pb_text _builder_version=\u00a0\u00bb4.16&Prime; header_2_font=\u00a0\u00bb|700|||||||\u00a0\u00bb background_color=\u00a0\u00bbrgba(255,255,255,0.76)\u00a0\u00bb custom_padding=\u00a0\u00bb15px||10px||false|false\u00a0\u00bb border_radii=\u00a0\u00bbon|5px|5px|5px|5px\u00a0\u00bb border_width_bottom=\u00a0\u00bb2px\u00a0\u00bb border_color_bottom=\u00a0\u00bb#000000&Prime; global_colors_info=\u00a0\u00bb{}\u00a0\u00bb]<\/p>\n<h2 style=\"text-align: center;\">VIANDES<\/h2>\n<p>[\/et_pb_text][et_pb_code _builder_version=\u00a0\u00bb4.20.0&Prime; background_color=\u00a0\u00bbrgba(255,255,255,0.75)\u00a0\u00bb custom_padding=\u00a0\u00bb||||true|true\u00a0\u00bb custom_css_main_element=\u00a0\u00bbmargin:auto;\u00a0\u00bb border_radii=\u00a0\u00bbon|5px|5px|5px|5px\u00a0\u00bb global_colors_info=\u00a0\u00bb{}\u00a0\u00bb]<\/p>\n<ul class=leaders><!-- [et_pb_line_break_holder] --><\/p>\n<li><span>Filet mignon de boeuf grill\u00e9<\/span><!-- [et_pb_line_break_holder] --> <span>25,50\u20ac<\/span><!-- [et_pb_line_break_holder] -->\n<li><span>Brochette de veau<\/span><!-- [et_pb_line_break_holder] --> <span>25,50\u20ac<\/span><!-- [et_pb_line_break_holder] -->\n<li><span>Entrec\u00f4te grill\u00e9<\/span><!-- [et_pb_line_break_holder] --> <span>21,00\u20ac<\/span><!-- [et_pb_line_break_holder] -->\n<li><span>Filet mignon de porc grill\u00e9<\/span><!-- [et_pb_line_break_holder] --> <span>16,80\u20ac<\/span><!-- [et_pb_line_break_holder] -->\n<li><span>C\u00f4tes lev\u00e9es sauce barbecue<\/span><!-- [et_pb_line_break_holder] --> <span>18,00\u20ac<\/span><!-- [et_pb_line_break_holder] -->\n<li><span>Filet de porc pan\u00e9<\/span><!-- [et_pb_line_break_holder] --> <span>16,00\u20ac<\/span><!-- [et_pb_line_break_holder] -->\n<li><span>C\u00f4telettes d&rsquo;agneu<\/span><!-- [et_pb_line_break_holder] --> <span>25,00\u20ac<\/span><!-- [et_pb_line_break_holder] -->\n<li><span>Joves de porc en sauce<\/span><!-- [et_pb_line_break_holder] --> <span>17,50\u20ac<\/span><!-- [et_pb_line_break_holder] -->\n<li><span>Queue de boeuf<\/span><!-- [et_pb_line_break_holder] --> <span>20,50\u20ac<\/span><!-- [et_pb_line_break_holder] -->\n<li><span>Brochette de poulet<\/span><!-- [et_pb_line_break_holder] --> <span>18,50\u20ac<\/span><!-- [et_pb_line_break_holder] -->\n<li><span>Poulet r\u00f4ti 1\/2<\/span><!-- [et_pb_line_break_holder] --> <span>15,50\u20ac<\/span><!-- [et_pb_line_break_holder] -->\n<li><span>Filet de poulet grill\u00e9<\/span><!-- [et_pb_line_break_holder] --> <span>14,00\u20ac<\/span><!-- [et_pb_line_break_holder] -->\n<li><span>Filet de poulet pan\u00e9<\/span><!-- [et_pb_line_break_holder] --> <span>15,00\u20ac<\/span><!-- [et_pb_line_break_holder] -->\n<li><span>Hamburger avec frites<\/span><!-- [et_pb_line_break_holder] --> <span>12,00\u20ac<\/span><!-- [et_pb_line_break_holder] -->\n<li><span>Saucisses avec frites<\/span><!-- [et_pb_line_break_holder] --> <span>8,50\u20ac<\/span><!-- [et_pb_line_break_holder] --><\/ul>\n<p>[\/et_pb_code][\/et_pb_column][\/et_pb_row][et_pb_row _builder_version=\u00a0\u00bb4.16&Prime; global_colors_info=\u00a0\u00bb{}\u00a0\u00bb][et_pb_column type=\u00a0\u00bb4_4&Prime; _builder_version=\u00a0\u00bb4.16&Prime; global_colors_info=\u00a0\u00bb{}\u00a0\u00bb][et_pb_text _builder_version=\u00a0\u00bb4.16&Prime; global_colors_info=\u00a0\u00bb{}\u00a0\u00bb]<\/p>\n<p style=\"text-align: center;\">T.A.V. Compris<\/p>\n<p>[\/et_pb_text][\/et_pb_column][\/et_pb_row][\/et_pb_section]<\/p>\n","protected":false},"excerpt":{"rendered":"<p>SOUPESHORS D\u2019OEUVRESP\u00c2TES, OEUFS ET OMELETTESPOISSONS ET FRUITS DE MERVIANDEST.A.V. Compris<\/p>\n","protected":false},"author":1,"featured_media":0,"parent":0,"menu_order":0,"comment_status":"closed","ping_status":"closed","template":"","meta":{"_et_pb_use_builder":"on","_et_pb_old_content":"","_et_gb_content_width":"","footnotes":""},"class_list":["post-569","page","type-page","status-publish","hentry"],"_links":{"self":[{"href":"https:\/\/antoniorestaurante.com\/fr\/wp-json\/wp\/v2\/pages\/569","targetHints":{"allow":["GET"]}}],"collection":[{"href":"https:\/\/antoniorestaurante.com\/fr\/wp-json\/wp\/v2\/pages"}],"about":[{"href":"https:\/\/antoniorestaurante.com\/fr\/wp-json\/wp\/v2\/types\/page"}],"author":[{"embeddable":true,"href":"https:\/\/antoniorestaurante.com\/fr\/wp-json\/wp\/v2\/users\/1"}],"replies":[{"embeddable":true,"href":"https:\/\/antoniorestaurante.com\/fr\/wp-json\/wp\/v2\/comments?post=569"}],"version-history":[{"count":10,"href":"https:\/\/antoniorestaurante.com\/fr\/wp-json\/wp\/v2\/pages\/569\/revisions"}],"predecessor-version":[{"id":895,"href":"https:\/\/antoniorestaurante.com\/fr\/wp-json\/wp\/v2\/pages\/569\/revisions\/895"}],"wp:attachment":[{"href":"https:\/\/antoniorestaurante.com\/fr\/wp-json\/wp\/v2\/media?parent=569"}],"curies":[{"name":"wp","href":"https:\/\/api.w.org\/{rel}","templated":true}]}}