{"id":520,"date":"2020-05-27T02:26:45","date_gmt":"2020-05-27T00:26:45","guid":{"rendered":"https:\/\/antoniorestaurante.com\/contact\/"},"modified":"2020-05-27T12:27:32","modified_gmt":"2020-05-27T10:27:32","slug":"contact","status":"publish","type":"page","link":"https:\/\/antoniorestaurante.com\/fr\/contact\/","title":{"rendered":"Contact"},"content":{"rendered":"<p>[et_pb_section fb_built=\u00a0\u00bb1&Prime; _builder_version=\u00a0\u00bb4.4.7&Prime; background_image=\u00a0\u00bbhttp:\/\/antoniorestaurante.com\/wp-content\/uploads\/2020\/05\/terraza-antonio-calidad-vida.jpg\u00a0\u00bb background_last_edited=\u00a0\u00bbon|tablet\u00a0\u00bb background_size_tablet=\u00a0\u00bbcover\u00a0\u00bb collapsed=\u00a0\u00bboff\u00a0\u00bb][et_pb_row _builder_version=\u00a0\u00bb4.3.4&Prime;][et_pb_column type=\u00a0\u00bb4_4&Prime; _builder_version=\u00a0\u00bb4.3.4&Prime;][et_pb_text _builder_version=\u00a0\u00bb4.4.7&Prime; header_2_font=\u00a0\u00bb|700|||||||\u00a0\u00bb header_2_text_color=\u00a0\u00bb#ffffff\u00a0\u00bb header_2_font_size=\u00a0\u00bb30px\u00a0\u00bb background_color=\u00a0\u00bbrgba(0,0,0,0.6)\u00a0\u00bb custom_padding=\u00a0\u00bb10px||||false|false\u00a0\u00bb header_2_text_color_tablet=\u00a0\u00bb#000000&Prime; header_2_text_color_phone=\u00a0\u00bb\u00a0\u00bb header_2_text_color_last_edited=\u00a0\u00bbon|tablet\u00a0\u00bb]<\/p>\n<h2 style=\"text-align: center;\">PLUS D&rsquo;INFORMATIONS SUR NOUS<\/h2>\n<p>[\/et_pb_text][\/et_pb_column][\/et_pb_row][et_pb_row column_structure=\u00a0\u00bb1_4,1_4,1_4,1_4&Prime; use_custom_gutter=\u00a0\u00bbon\u00a0\u00bb gutter_width=\u00a0\u00bb1&Prime; make_equal=\u00a0\u00bbon\u00a0\u00bb _builder_version=\u00a0\u00bb4.4.7&Prime; custom_padding=\u00a0\u00bb||||false|false\u00a0\u00bb][et_pb_column type=\u00a0\u00bb1_4&Prime; _builder_version=\u00a0\u00bb4.4.7&Prime; background_color=\u00a0\u00bbrgba(224,43,32,0.8)\u00a0\u00bb custom_padding=\u00a0\u00bb50px|50px|50px|50px|true|true\u00a0\u00bb][et_pb_text _builder_version=\u00a0\u00bb4.4.7&Prime; text_text_color=\u00a0\u00bb#ffffff\u00a0\u00bb header_3_font=\u00a0\u00bb|700|||||||\u00a0\u00bb header_3_text_color=\u00a0\u00bb#ffffff\u00a0\u00bb header_3_font_size=\u00a0\u00bb25px\u00a0\u00bb]<\/p>\n<h3>ADRESSE:<\/h3>\n<p>&nbsp;<\/p>\n<p>Ctra. C\u00e1diz Variante<\/p>\n<p>29649, La Cala de Mijas\u00a0 (Miraflores)<\/p>\n<p>M\u00e1laga[\/et_pb_text][\/et_pb_column][et_pb_column type=\u00a0\u00bb1_4&Prime; _builder_version=\u00a0\u00bb4.4.7&Prime; background_color=\u00a0\u00bbrgba(0,100,193,0.8)\u00a0\u00bb custom_padding=\u00a0\u00bb50px|50px|50px|50px|true|true\u00a0\u00bb][et_pb_text _builder_version=\u00a0\u00bb4.4.7&Prime; text_text_color=\u00a0\u00bb#ffffff\u00a0\u00bb header_text_color=\u00a0\u00bb#000000&Prime; header_3_font=\u00a0\u00bb|700|||||||\u00a0\u00bb header_3_text_color=\u00a0\u00bb#ffffff\u00a0\u00bb header_3_font_size=\u00a0\u00bb25px\u00a0\u00bb]<\/p>\n<h3>T\u00c9L\u00c9FON:<\/h3>\n<p>&nbsp;<\/p>\n<p>952931802[\/et_pb_text][et_pb_button button_url=\u00a0\u00bbtel:+34952931802&Prime; button_text=\u00a0\u00bbAPPELER\u00a0\u00bb button_alignment=\u00a0\u00bbcenter\u00a0\u00bb _builder_version=\u00a0\u00bb4.3.4&Prime; custom_button=\u00a0\u00bbon\u00a0\u00bb button_bg_color=\u00a0\u00bb#000000&Prime; button_icon=\u00a0\u00bb%%264%%\u00a0\u00bb custom_margin=\u00a0\u00bb30px||||false|false\u00a0\u00bb][\/et_pb_button][\/et_pb_column][et_pb_column type=\u00a0\u00bb1_4&Prime; _builder_version=\u00a0\u00bb4.4.7&Prime; background_color=\u00a0\u00bbrgba(42,198,249,0.8)\u00a0\u00bb custom_padding=\u00a0\u00bb50px|50px|50px|50px|true|true\u00a0\u00bb][et_pb_text _builder_version=\u00a0\u00bb4.4.7&Prime; text_text_color=\u00a0\u00bb#000000&Prime; header_3_font=\u00a0\u00bb|700|||||||\u00a0\u00bb header_3_text_color=\u00a0\u00bb#ffffff\u00a0\u00bb header_3_font_size=\u00a0\u00bb25px\u00a0\u00bb]<\/p>\n<h3>HORAIRES:<\/h3>\n<p>&nbsp;<\/p>\n<p><strong>lunedi<\/strong>\u00a09:30\u201322:30<br \/>\n<strong>martedi<\/strong>\u00a09:30\u201322:30<br \/>\n<strong>mercredi <span style=\"text-decoration: underline;\"><span style=\"color: #ff0000; text-decoration: underline;\">Ferm\u00e9<\/span><\/span><\/strong><br \/>\n<strong>jeudi<\/strong>\u00a09:30\u201322:30<br \/>\n<strong>vendredi<\/strong>\u00a09:30\u201322:30<br \/>\n<strong>samedi<\/strong>\u00a09:30\u201322:30<br \/>\n<strong>dimanche<\/strong>\u00a09:30\u201322:30[\/et_pb_text][\/et_pb_column][et_pb_column type=\u00a0\u00bb1_4&Prime; _builder_version=\u00a0\u00bb4.4.7&Prime; background_color=\u00a0\u00bbrgba(0,0,0,0.8)\u00a0\u00bb custom_padding=\u00a0\u00bb50px|50px|50px|50px|true|true\u00a0\u00bb][et_pb_text _builder_version=\u00a0\u00bb4.4.7&Prime; text_text_color=\u00a0\u00bb#ffffff\u00a0\u00bb header_3_font=\u00a0\u00bb|700|||||||\u00a0\u00bb header_3_text_color=\u00a0\u00bb#ffffff\u00a0\u00bb header_3_font_size=\u00a0\u00bb25px\u00a0\u00bb text_text_color_tablet=\u00a0\u00bb#ffffff\u00a0\u00bb text_text_color_phone=\u00a0\u00bb\u00a0\u00bb text_text_color_last_edited=\u00a0\u00bbon|tablet\u00a0\u00bb header_3_text_color_tablet=\u00a0\u00bb#ffffff\u00a0\u00bb header_3_text_color_phone=\u00a0\u00bb\u00a0\u00bb header_3_text_color_last_edited=\u00a0\u00bbon|tablet\u00a0\u00bb]<\/p>\n<h3>SUIVEZ NOUS:<\/h3>\n<p>&nbsp;<\/p>\n<p>Vous pouvez nous suivre sur Facebook et partager avec vos amis et votre famille.[\/et_pb_text][et_pb_social_media_follow _builder_version=\u00a0\u00bb4.4.7&Prime; hover_enabled=\u00a0\u00bb0&Prime;][et_pb_social_media_follow_network social_network=\u00a0\u00bbfacebook\u00a0\u00bb url=\u00a0\u00bbhttps:\/\/www.facebook.com\/Restaurante-antonio-477058355682228\/\u00a0\u00bb _builder_version=\u00a0\u00bb4.3.4&Prime; background_color=\u00a0\u00bb#3b5998&Prime; custom_margin=\u00a0\u00bb30px||||false|false\u00a0\u00bb follow_button=\u00a0\u00bboff\u00a0\u00bb url_new_window=\u00a0\u00bbon\u00a0\u00bb]facebook[\/et_pb_social_media_follow_network][et_pb_social_media_follow_network _builder_version=\u00a0\u00bb4.4.7&Prime; follow_button=\u00a0\u00bboff\u00a0\u00bb url_new_window=\u00a0\u00bbon\u00a0\u00bb social_network=\u00a0\u00bbinstagram\u00a0\u00bb background_color=\u00a0\u00bb#ea2c59&Prime; url=\u00a0\u00bbhttps:\/\/www.instagram.com\/restaurante_antonio\/\u00a0\u00bb hover_enabled=\u00a0\u00bb0&Prime;]instagram[\/et_pb_social_media_follow_network][\/et_pb_social_media_follow][\/et_pb_column][\/et_pb_row][\/et_pb_section][et_pb_section fb_built=\u00a0\u00bb1&Prime; _builder_version=\u00a0\u00bb4.3.4&Prime; collapsed=\u00a0\u00bbon\u00a0\u00bb][et_pb_row _builder_version=\u00a0\u00bb4.3.4&Prime; width=\u00a0\u00bb100%\u00a0\u00bb max_width=\u00a0\u00bb100%\u00a0\u00bb][et_pb_column type=\u00a0\u00bb4_4&Prime; _builder_version=\u00a0\u00bb4.3.4&Prime;][et_pb_text _builder_version=\u00a0\u00bb4.3.4&Prime; header_font=\u00a0\u00bb|700|||||||\u00a0\u00bb]<\/p>\n<h1 style=\"text-align: center;\">O\u00f9 est le Chiringuito ou le Restaurante Antonio??<\/h1>\n<p>[\/et_pb_text][et_pb_code _builder_version=\u00a0\u00bb4.3.4&Prime; width=\u00a0\u00bb100%\u00a0\u00bb max_width=\u00a0\u00bb100%\u00a0\u00bb height=\u00a0\u00bb400px\u00a0\u00bb custom_css_main_element=\u00a0\u00bbmin-height:400px;\u00a0\u00bb]<\/p>\n<div style=\"width100%; height: 400px;\"><!-- [et_pb_line_break_holder] -->\t<iframe style=\"width:100%; height:400px;\" src=\"https:\/\/www.google.com\/maps\/embed?pb=!1m14!1m8!1m3!1d12830.55980651658!2d-4.6979206!3d36.4904114!3m2!1i1024!2i768!4f13.1!3m3!1m2!1s0x0%3A0x121632b934054e16!2sRest.%20Antonio!5e0!3m2!1ses!2ses!4v1590192173076!5m2!1ses!2ses\" aria-hidden=\"false\"> <\/iframe><!-- [et_pb_line_break_holder] --><\/div>\n<p>[\/et_pb_code][\/et_pb_column][\/et_pb_row][\/et_pb_section]<\/p>\n","protected":false},"excerpt":{"rendered":"<p>PLUS D&rsquo;INFORMATIONS SUR NOUSADRESSE: &nbsp; Ctra. C\u00e1diz Variante 29649, La Cala de Mijas\u00a0 (Miraflores) M\u00e1lagaT\u00c9L\u00c9FON: &nbsp; 952931802HORAIRES: &nbsp; lunedi\u00a09:30\u201322:30 martedi\u00a09:30\u201322:30 mercredi Ferm\u00e9 jeudi\u00a09:30\u201322:30 vendredi\u00a09:30\u201322:30 samedi\u00a09:30\u201322:30 dimanche\u00a09:30\u201322:30SUIVEZ NOUS: &nbsp; Vous pouvez nous suivre sur Facebook et partager avec vos amis et votre famille.O\u00f9 est le Chiringuito ou le Restaurante Antonio??<\/p>\n","protected":false},"author":1,"featured_media":0,"parent":0,"menu_order":0,"comment_status":"closed","ping_status":"closed","template":"","meta":{"_et_pb_use_builder":"on","_et_pb_old_content":"","_et_gb_content_width":"","footnotes":""},"class_list":["post-520","page","type-page","status-publish","hentry"],"_links":{"self":[{"href":"https:\/\/antoniorestaurante.com\/fr\/wp-json\/wp\/v2\/pages\/520","targetHints":{"allow":["GET"]}}],"collection":[{"href":"https:\/\/antoniorestaurante.com\/fr\/wp-json\/wp\/v2\/pages"}],"about":[{"href":"https:\/\/antoniorestaurante.com\/fr\/wp-json\/wp\/v2\/types\/page"}],"author":[{"embeddable":true,"href":"https:\/\/antoniorestaurante.com\/fr\/wp-json\/wp\/v2\/users\/1"}],"replies":[{"embeddable":true,"href":"https:\/\/antoniorestaurante.com\/fr\/wp-json\/wp\/v2\/comments?post=520"}],"version-history":[{"count":0,"href":"https:\/\/antoniorestaurante.com\/fr\/wp-json\/wp\/v2\/pages\/520\/revisions"}],"wp:attachment":[{"href":"https:\/\/antoniorestaurante.com\/fr\/wp-json\/wp\/v2\/media?parent=520"}],"curies":[{"name":"wp","href":"https:\/\/api.w.org\/{rel}","templated":true}]}}