{"id":532,"date":"2020-05-27T13:34:17","date_gmt":"2020-05-27T11:34:17","guid":{"rendered":"https:\/\/antoniorestaurante.com\/ueber-uns\/"},"modified":"2025-05-07T00:04:18","modified_gmt":"2025-05-06T22:04:18","slug":"ueber-uns","status":"publish","type":"page","link":"http:\/\/antoniorestaurante.com\/de\/","title":{"rendered":"Ueber uns"},"content":{"rendered":"<p>[et_pb_section fb_built=&#8220;1&#8243; _builder_version=&#8220;4.16&#8243; custom_padding=&#8220;0px||0px||true|false&#8220; global_colors_info=&#8220;{}&#8220;][et_pb_row _builder_version=&#8220;4.16&#8243; width=&#8220;100%&#8220; max_width=&#8220;100%&#8220; custom_padding=&#8220;0px||||false|false&#8220; collapsed=&#8220;off&#8220; global_colors_info=&#8220;{}&#8220;][et_pb_column type=&#8220;4_4&#8243; _builder_version=&#8220;4.16&#8243; global_colors_info=&#8220;{}&#8220;][et_pb_slider show_arrows=&#8220;off&#8220; show_pagination=&#8220;off&#8220; _builder_version=&#8220;4.16&#8243; width=&#8220;100%&#8220; max_width=&#8220;100%&#8220; global_colors_info=&#8220;{}&#8220;][et_pb_slide heading=&#8220;Restaurante Antonio in Miraflores&#8220; button_text=&#8220;SPEISEKARTE&#8220; button_link=&#8220;@ET-DC@eyJkeW5hbWljIjp0cnVlLCJjb250ZW50IjoicG9zdF9saW5rX3VybF9wYWdlIiwic2V0dGluZ3MiOnsicG9zdF9pZCI6IjE3MiIsImVuYWJsZV9odG1sIjoib2ZmIn19@&#8220; use_bg_overlay=&#8220;off&#8220; use_text_overlay=&#8220;on&#8220; text_overlay_color=&#8220;rgba(0,0,0,0.2)&#8220; _builder_version=&#8220;4.16&#8243; _dynamic_attributes=&#8220;button_link&#8220; header_font=&#8220;|700|||||||&#8220; header_text_color=&#8220;#ffffff&#8220; body_text_color=&#8220;#ffffff&#8220; background_enable_color=&#8220;off&#8220; background_image=&#8220;http:\/\/antoniorestaurante.com\/wp-content\/uploads\/2020\/05\/panoramica-antonio-restaurante-enfocada.jpg&#8220; background_enable_image=&#8220;on&#8220; custom_button=&#8220;on&#8220; button_text_color=&#8220;#ffffff&#8220; button_bg_color=&#8220;rgba(0,0,0,0.75)&#8220; button_border_width=&#8220;2px&#8220; button_border_color=&#8220;#ffffff&#8220; button_border_radius=&#8220;5px&#8220; button_letter_spacing=&#8220;2px&#8220; button_font=&#8220;|700|||||||&#8220; button_use_icon=&#8220;on&#8220; button_icon=&#8220;&#xe0e6;||divi||400&#8243; button_on_hover=&#8220;on&#8220; button_alignment=&#8220;right&#8220; width=&#8220;100%&#8220; max_width=&#8220;1280px&#8220; box_shadow_style_button=&#8220;preset1&#8243; box_shadow_horizontal_button=&#8220;2px&#8220; box_shadow_spread_button=&#8220;5px&#8220; box_shadow_color_button=&#8220;#ffffff&#8220; global_colors_info=&#8220;{}&#8220; sticky_transition=&#8220;on&#8220;][\/et_pb_slide][\/et_pb_slider][\/et_pb_column][\/et_pb_row][\/et_pb_section][et_pb_section fb_built=&#8220;1&#8243; _builder_version=&#8220;4.16&#8243; custom_padding=&#8220;50px||50px||true|false&#8220; collapsed=&#8220;off&#8220; global_colors_info=&#8220;{}&#8220;][et_pb_row _builder_version=&#8220;4.16&#8243; custom_padding=&#8220;0px||||false|false&#8220; global_colors_info=&#8220;{}&#8220;][et_pb_column type=&#8220;4_4&#8243; _builder_version=&#8220;4.16&#8243; global_colors_info=&#8220;{}&#8220;][et_pb_text _builder_version=&#8220;4.16&#8243; header_font=&#8220;|700|||||||&#8220; header_font_size=&#8220;32px&#8220; header_2_font_size=&#8220;22px&#8220; global_colors_info=&#8220;{}&#8220;]<\/p>\n<h1 style=\"text-align: center;\">Restaurante Antonio<\/h1>\n<h2 style=\"text-align: center;\">Die trendige Strandbar (chiringuito) in Miraflores, La Cala de Mijas<\/h2>\n<p>[\/et_pb_text][\/et_pb_column][\/et_pb_row][et_pb_row column_structure=&#8220;1_2,1_2&#8243; make_equal=&#8220;on&#8220; _builder_version=&#8220;4.16&#8243; global_colors_info=&#8220;{}&#8220;][et_pb_column type=&#8220;1_2&#8243; _builder_version=&#8220;4.16&#8243; custom_css_main_element=&#8220;margin:auto;&#8220; global_colors_info=&#8220;{}&#8220;][et_pb_image src=&#8220;http:\/\/antoniorestaurante.com\/wp-content\/uploads\/2025\/05\/nuevas-generaciones-antonio-restaurante.jpg&#8220; title_text=&#8220;nuevas-generaciones-antonio-restaurante&#8220; align=&#8220;center&#8220; _builder_version=&#8220;4.27.4&#8243; _module_preset=&#8220;default&#8220; max_width=&#8220;450px&#8220; hover_enabled=&#8220;0&#8243; global_colors_info=&#8220;{}&#8220; sticky_enabled=&#8220;0&#8243;][\/et_pb_image][\/et_pb_column][et_pb_column type=&#8220;1_2&#8243; _builder_version=&#8220;4.16&#8243; custom_css_main_element=&#8220;margin:auto;&#8220; global_colors_info=&#8220;{}&#8220;][et_pb_text _builder_version=&#8220;4.16&#8243; text_font_size=&#8220;16px&#8220; custom_margin=&#8220;||||false|false&#8220; global_colors_info=&#8220;{}&#8220;]<\/p>\n<p>Das Restaurant Antonio ist eine bekannte Strandbar, die seit \u00fcber 30 Jahren in Miraflores, am Ende von La Cala de Mijas, Speisen und Service von bester Qualit\u00e4t anbietet.<\/p>\n<p>Unser Chiringuito hat einen direkten Zugang vom neuen Sendero Litoral aus, sowohl zum Restaurant als auch zu unserem Strand, wo Sie unsere Sonnenbeds direkt am Mittelmeers aus genie\u00dfen k\u00f6nnen.<\/p>\n<p>Es ist ein gem\u00fctlicher Strand, der Ruhe und Frieden verspricht, mit Freude baden und auch mit den F\u00fc\u00dfen im Sand unser Angebot an Speisen und Getr\u00e4nken Sie genie\u00dfen k\u00f6nnen.<\/p>\n<p>Wenn Sie uns einmal besuchen, werden Sie jedes Jahr kommen m\u00f6chten, ebenso wie unsere treuesten Kunden, die aus ganz Europa kommen: England, Deutschland, Frankreich, Portugal usw., und nat\u00fcrlich viele Spanier aus anderen Provinzen.<\/p>\n<p>[\/et_pb_text][\/et_pb_column][\/et_pb_row][\/et_pb_section][et_pb_section fb_built=&#8220;1&#8243; _builder_version=&#8220;4.16&#8243; custom_margin=&#8220;0px||0px||false|false&#8220; custom_padding=&#8220;0px||0px||false|false&#8220; collapsed=&#8220;off&#8220; global_colors_info=&#8220;{}&#8220;][et_pb_row _builder_version=&#8220;4.16&#8243; width=&#8220;100%&#8220; max_width=&#8220;100%&#8220; custom_padding=&#8220;0px||0px||true|false&#8220; collapsed=&#8220;off&#8220; global_colors_info=&#8220;{}&#8220;][et_pb_column type=&#8220;4_4&#8243; _builder_version=&#8220;4.16&#8243; global_colors_info=&#8220;{}&#8220;][et_pb_cta title=&#8220;Sie k\u00f6nnen jetzt unsere Speisekarte direkt online ansehen!&#8220; button_url=&#8220;@ET-DC@eyJkeW5hbWljIjp0cnVlLCJjb250ZW50IjoicG9zdF9saW5rX3VybF9wYWdlIiwic2V0dGluZ3MiOnsicG9zdF9pZCI6IjE3MiIsImVuYWJsZV9odG1sIjoib2ZmIn19@&#8220; button_text=&#8220;Speisekarte sehen&#8220; _builder_version=&#8220;4.16&#8243; _dynamic_attributes=&#8220;button_url&#8220; body_font_size=&#8220;16px&#8220; background_color=&#8220;#000000&#8243; custom_button=&#8220;on&#8220; button_text_color=&#8220;#2ac6f9&#8243; button_letter_spacing=&#8220;2px&#8220; button_icon=&#8220;&#xe058;||divi||400&#8243; button_alignment=&#8220;center&#8220; width=&#8220;100%&#8220; max_width=&#8220;100%&#8220; custom_padding=&#8220;80px||80px||true|false&#8220; box_shadow_style_button=&#8220;preset1&#8243; box_shadow_color_button=&#8220;#ffffff&#8220; global_colors_info=&#8220;{}&#8220;]<\/p>\n<p>Z\u00f6gern Sie nicht, unsere Kellner um Vorschl\u00e4ge zu bitten, wir versagen in der Regel nicht, wir machen es immer richtig und lassen unsere Kunden zufrieden. <\/p>\n<p>[\/et_pb_cta][\/et_pb_column][\/et_pb_row][et_pb_row _builder_version=&#8220;4.16&#8243; width=&#8220;100%&#8220; max_width=&#8220;100%&#8220; custom_margin=&#8220;||||false|false&#8220; custom_padding=&#8220;0px||0px||true|false&#8220; collapsed=&#8220;on&#8220; global_colors_info=&#8220;{}&#8220;][et_pb_column type=&#8220;4_4&#8243; _builder_version=&#8220;4.16&#8243; custom_padding=&#8220;||||false|false&#8220; global_colors_info=&#8220;{}&#8220;][et_pb_slider show_arrows=&#8220;off&#8220; show_pagination=&#8220;off&#8220; _builder_version=&#8220;4.16&#8243; width=&#8220;100%&#8220; max_width=&#8220;100%&#8220; custom_margin=&#8220;0px||0px||true|false&#8220; custom_padding=&#8220;||||false|false&#8220; global_colors_info=&#8220;{}&#8220;][et_pb_slide use_bg_overlay=&#8220;off&#8220; use_text_overlay=&#8220;on&#8220; text_overlay_color=&#8220;rgba(255,255,255,0.65)&#8220; _builder_version=&#8220;4.16&#8243; header_text_color=&#8220;#2ac6f9&#8243; body_text_color=&#8220;#000000&#8243; background_enable_color=&#8220;off&#8220; background_image=&#8220;http:\/\/antoniorestaurante.com\/wp-content\/uploads\/2020\/05\/antonio-restaurante-noche-entero.jpg&#8220; background_enable_image=&#8220;on&#8220; parallax=&#8220;on&#8220; custom_button=&#8220;on&#8220; button_text_color=&#8220;#2ac6f9&#8243; button_bg_color=&#8220;rgba(0,0,0,0.51)&#8220; button_border_width=&#8220;2px&#8220; button_border_color=&#8220;#2ac6f9&#8243; button_border_radius=&#8220;5px&#8220; button_letter_spacing=&#8220;2px&#8220; button_icon=&#8220;&#xe0e6;||divi||400&#8243; button_on_hover=&#8220;on&#8220; button_alignment=&#8220;center&#8220; width=&#8220;100%&#8220; max_width=&#8220;1280px&#8220; body_text_shadow_style=&#8220;preset3&#8243; body_text_shadow_color=&#8220;#2ac6f9&#8243; box_shadow_style_button=&#8220;preset1&#8243; box_shadow_horizontal_button=&#8220;2px&#8220; box_shadow_spread_button=&#8220;5px&#8220; box_shadow_color_button=&#8220;#ffffff&#8220; global_colors_info=&#8220;{}&#8220; sticky_transition=&#8220;on&#8220;]<\/p>\n<p>UNSERE TERRASSE IST WIE EIN KREUZFAHRTSCHIFF MIT MEERBLICK WENIGER ALS 5 METER VOM WASSER ENTFERNT.<\/p>\n<p>WIR EMPFEHLEN EINE BUCHUNG, ENTWEDER F\u00dcR EIN ROMANTISCHES ABENDESSEN ODER EIN TREFFEN MIT FAMILIE ODER FREUNDEN.<\/p>\n<p>WIR FREUEN UNS AUF IHREN ANRUF. WIR SIND IHNEN GERNE BEHILFLICH.<\/p>\n<p>[\/et_pb_slide][\/et_pb_slider][\/et_pb_column][\/et_pb_row][et_pb_row _builder_version=&#8220;4.16&#8243; width=&#8220;100%&#8220; max_width=&#8220;100%&#8220; custom_margin=&#8220;||||false|false&#8220; custom_padding=&#8220;0px||0px||true|false&#8220; collapsed=&#8220;on&#8220; global_colors_info=&#8220;{}&#8220;][et_pb_column type=&#8220;4_4&#8243; _builder_version=&#8220;4.16&#8243; custom_padding=&#8220;||||false|false&#8220; global_colors_info=&#8220;{}&#8220;][et_pb_cta title=&#8220;Sie k\u00f6nnen JETZT RESERVIEREN!&#8220; button_url=&#8220;tel:+34952931802&#8243; button_text=&#8220;Reservierung&#8220; _builder_version=&#8220;4.16&#8243; background_color=&#8220;#0064c1&#8243; custom_button=&#8220;on&#8220; button_text_color=&#8220;#2ac6f9&#8243; button_bg_color=&#8220;#000000&#8243; button_letter_spacing=&#8220;2px&#8220; button_icon=&#8220;&#xe058;||divi||400&#8243; button_alignment=&#8220;center&#8220; width=&#8220;100%&#8220; max_width=&#8220;100%&#8220; custom_margin=&#8220;||||false|false&#8220; custom_padding=&#8220;80px||80px||true|false&#8220; box_shadow_style_button=&#8220;preset1&#8243; box_shadow_color_button=&#8220;#ffffff&#8220; global_colors_info=&#8220;{}&#8220;]<\/p>\n<p>Buchen Sie jetzt f\u00fcr den Tag, die Zeit und die Personen, die Sie w\u00fcnschen: WIR WARTEN AUF SIE!<\/p>\n<p>[\/et_pb_cta][\/et_pb_column][\/et_pb_row][\/et_pb_section]<\/p>\n","protected":false},"excerpt":{"rendered":"<p>Restaurante Antonio Die trendige Strandbar (chiringuito) in Miraflores, La Cala de MijasDas Restaurant Antonio ist eine bekannte Strandbar, die seit \u00fcber 30 Jahren in Miraflores, am Ende von La Cala de Mijas, Speisen und Service von bester Qualit\u00e4t anbietet. Unser Chiringuito hat einen direkten Zugang vom neuen Sendero Litoral aus, sowohl zum Restaurant als auch [&hellip;]<\/p>\n","protected":false},"author":1,"featured_media":0,"parent":0,"menu_order":0,"comment_status":"closed","ping_status":"closed","template":"","meta":{"_et_pb_use_builder":"on","_et_pb_old_content":"","_et_gb_content_width":"","footnotes":""},"class_list":["post-532","page","type-page","status-publish","hentry"],"_links":{"self":[{"href":"http:\/\/antoniorestaurante.com\/de\/wp-json\/wp\/v2\/pages\/532","targetHints":{"allow":["GET"]}}],"collection":[{"href":"http:\/\/antoniorestaurante.com\/de\/wp-json\/wp\/v2\/pages"}],"about":[{"href":"http:\/\/antoniorestaurante.com\/de\/wp-json\/wp\/v2\/types\/page"}],"author":[{"embeddable":true,"href":"http:\/\/antoniorestaurante.com\/de\/wp-json\/wp\/v2\/users\/1"}],"replies":[{"embeddable":true,"href":"http:\/\/antoniorestaurante.com\/de\/wp-json\/wp\/v2\/comments?post=532"}],"version-history":[{"count":12,"href":"http:\/\/antoniorestaurante.com\/de\/wp-json\/wp\/v2\/pages\/532\/revisions"}],"predecessor-version":[{"id":944,"href":"http:\/\/antoniorestaurante.com\/de\/wp-json\/wp\/v2\/pages\/532\/revisions\/944"}],"wp:attachment":[{"href":"http:\/\/antoniorestaurante.com\/de\/wp-json\/wp\/v2\/media?parent=532"}],"curies":[{"name":"wp","href":"https:\/\/api.w.org\/{rel}","templated":true}]}}